{"id":19,"date":"2009-10-22T08:58:33","date_gmt":"2009-10-22T15:58:33","guid":{"rendered":"http:\/\/www.ff-langegg.com\/cms\/?page_id=3"},"modified":"2019-09-23T20:59:58","modified_gmt":"2019-09-23T18:59:58","slug":"vorwort","status":"publish","type":"page","link":"https:\/\/ff-langegg.com\/content\/?page_id=19","title":{"rendered":"Vorwort"},"content":{"rendered":"<p>Wir freuen uns, Sie als Besucher unserer Feuerwehr im Internet begr\u00fc\u00dfen zu d\u00fcrfen.<\/p>\n<p>Wir m\u00f6chten mit dieser Homepage allen Interessierten Einblick in unsere Feuerwehr geben und von unseren Eins\u00e4tzen, Schulungen, \u00dcbungen und T\u00e4tigkeiten zu berichten<\/p>\n<h2>Unsere Freizeit f\u00fcr ihre Sicherheit<\/h2>\n<p>Vorwort des Feuerwehrkommandanten<\/p>\n<p>Sehr geehrte Besucher, liebe Bev\u00f6lkerung, gesch\u00e4tzte G\u00e4ste unserer Homepage!<\/p>\n<p><img loading=\"lazy\" decoding=\"async\" class=\"size-medium wp-image-97 alignleft\" src=\"https:\/\/ff-langegg.com\/content\/wp-content\/uploads\/2010\/02\/totter_josef-232x300.jpg\" alt=\"\" width=\"232\" height=\"300\" srcset=\"https:\/\/ff-langegg.com\/content\/wp-content\/uploads\/2010\/02\/totter_josef-232x300.jpg 232w, https:\/\/ff-langegg.com\/content\/wp-content\/uploads\/2010\/02\/totter_josef.jpg 400w\" sizes=\"auto, (max-width: 232px) 100vw, 232px\" \/>Das Internet bietet heute eine sehr gute M\u00f6glichkeit, das Feuerwehrwesen, vor allem die eigene Feuerwehr entsprechend vorzustellen und im Bereich der \u00d6ffentlichkeitsarbeit Akzente zu setzen. \u00d6ffentlichkeitsarbeit ist ein wichtiger Bestandteil innerhalb der Feuerwehren. In diesem Medium kann der breiten \u00d6ffentlichkeit der Wirkungskreis einer Feuerwehr \u00fcber geleistete Eins\u00e4tze, aber auch \u00fcber andere Begebenheiten im Feuerwehrwesen berichtet werden.<\/p>\n<p>Es sollte auch offen und kritisch \u00fcber das Eine oder Andere berichtet werden, dennoch sollten die vielen unbezahlten Stunden- welche jede Feuerwehr- f\u00fcr ihre Bev\u00f6lkerung leistet, hervorgehoben werden.<\/p>\n<p>Es wird von den Feuerwehrm\u00e4nnern viel abverlangt, regelm\u00e4\u00dfige \u00dcbungen, Schulungen und Eins\u00e4tze geh\u00f6ren zum Feuerwehralltag. Dies ist notwendig, um die umfangreiche Ausr\u00fcstung auch beherrschen und zu jeder Tages- und Nachtzeit einsetzen zu k\u00f6nnen. Das ist aber nur m\u00f6glich, wenn sich engagierte Feuerwehrm\u00e4nner und Frauen einsetzen, um in Not geratenen Mitmenschen zu helfen.<\/p>\n<p>Ich hoffe, Sie gewinnen beim \u201eRundgang\u201c durch unsere Homepage ein Bild \u00fcber das Feuerwehrwesen in Langegg bei Graz.<\/p>\n<p>Mit kameradschaftlichen Gr\u00fcssen<\/p>\n<p>Josef Totter HBI<\/p>\n","protected":false},"excerpt":{"rendered":"<p>Wir freuen uns, Sie als Besucher unserer Feuerwehr im Internet begr\u00fc\u00dfen zu d\u00fcrfen. Wir m\u00f6chten mit dieser Homepage allen Interessierten<\/p>\n","protected":false},"author":3,"featured_media":6724,"parent":0,"menu_order":1,"comment_status":"closed","ping_status":"closed","template":"","meta":{"footnotes":""},"class_list":["post-19","page","type-page","status-publish","has-post-thumbnail","hentry"],"_links":{"self":[{"href":"https:\/\/ff-langegg.com\/content\/index.php?rest_route=\/wp\/v2\/pages\/19","targetHints":{"allow":["GET"]}}],"collection":[{"href":"https:\/\/ff-langegg.com\/content\/index.php?rest_route=\/wp\/v2\/pages"}],"about":[{"href":"https:\/\/ff-langegg.com\/content\/index.php?rest_route=\/wp\/v2\/types\/page"}],"author":[{"embeddable":true,"href":"https:\/\/ff-langegg.com\/content\/index.php?rest_route=\/wp\/v2\/users\/3"}],"replies":[{"embeddable":true,"href":"https:\/\/ff-langegg.com\/content\/index.php?rest_route=%2Fwp%2Fv2%2Fcomments&post=19"}],"version-history":[{"count":3,"href":"https:\/\/ff-langegg.com\/content\/index.php?rest_route=\/wp\/v2\/pages\/19\/revisions"}],"predecessor-version":[{"id":7337,"href":"https:\/\/ff-langegg.com\/content\/index.php?rest_route=\/wp\/v2\/pages\/19\/revisions\/7337"}],"wp:featuredmedia":[{"embeddable":true,"href":"https:\/\/ff-langegg.com\/content\/index.php?rest_route=\/wp\/v2\/media\/6724"}],"wp:attachment":[{"href":"https:\/\/ff-langegg.com\/content\/index.php?rest_route=%2Fwp%2Fv2%2Fmedia&parent=19"}],"curies":[{"name":"wp","href":"https:\/\/api.w.org\/{rel}","templated":true}]}}