{"id":6999,"date":"2019-05-01T10:37:10","date_gmt":"2019-05-01T08:37:10","guid":{"rendered":"https:\/\/ff-langegg.com\/content\/?page_id=6999"},"modified":"2019-06-24T13:03:32","modified_gmt":"2019-06-24T11:03:32","slug":"impressum","status":"publish","type":"page","link":"https:\/\/ff-langegg.com\/content\/?page_id=6999","title":{"rendered":"Impressum"},"content":{"rendered":"\n<p>Informationspflicht laut \u00a75 E-Commerce Gesetz, \u00a714 Unternehmensgesetzbuch, \u00a763 Gewerbeordnung und Offenlegungspflicht laut \u00a725 Mediengesetz<\/p>\n\n\n\n<p>Freiwillige Feuerwehr Langegg<\/p>\n\n\n\n<p>Obergoggitsch 2, 8323 St. Marein bei Graz<\/p>\n\n\n\n<p><strong>E-Mail<\/strong>: kdo@ff-langegg.com<\/p>\n\n\n\n<p><strong>Urhe\u00adber\u00adrecht<\/strong><\/p>\n\n\n\n<p>Jede Art von Ver\u00adwen\u00addung der Texte, Fotos oder Abbil\u00addun\u00adgen ohne die vorherige schriftliche Zus\u00adtim\u00admung der Betreiber der Web\u00adsite\u00a0<a href=\"http:\/\/www.vereinigung-kfz-sv.at\/\">www.ff-langegg.com<\/a>\u00a0ver\u00adst\u00f6\u00dft gegen die Bes\u00adtim\u00admungen des Urhe\u00adber\u00adrechts und ist damit rechtswidrig.<\/p>\n\n\n\n<p><strong>Haf\u00adtungsauss\u00adchluss (Disclamer)<\/strong><\/p>\n\n\n\n<p><strong>Haf\u00adtung f\u00fcr Inhalte<\/strong><\/p>\n\n\n\n<p>Als Dien\u00adstean\u00adbi\u00adeter sind wir gem\u00e4\u00df \u00a7 7 Abs.1&nbsp;TMG&nbsp;f\u00fcr eigene Inhalte auf diesen Seiten nach den all\u00adge\u00admeinen Geset\u00adzen ver\u00adant\u00adwortlich. Nach \u00a7\u00a7 8 bis 10&nbsp;TMG&nbsp;sind wir als Dien\u00adstean\u00adbi\u00adeter jedoch nicht verpflichtet, \u00fcber\u00admit\u00adtelte oder gespe\u00adicherte fremde Infor\u00adma\u00adtio\u00adnen zu \u00fcberwachen oder nach Umst\u00e4n\u00adden zu forschen, die auf eine rechtswidrige T\u00e4tigkeit hin\u00adweisen. Verpflich\u00adtun\u00adgen zur Ent\u00adfer\u00adnung oder Sper\u00adrung der Nutzung von Infor\u00adma\u00adtio\u00adnen nach den all\u00adge\u00admeinen Geset\u00adzen bleiben hier\u00advon unber\u00fchrt. Eine dies\u00adbez\u00fcgliche Haf\u00adtung ist jedoch erst ab dem Zeit\u00adpunkt der Ken\u00adnt\u00adnis einer konkreten Rechtsver\u00adlet\u00adzung m\u00f6glich. Bei Bekan\u00adntwer\u00adden von entsprechen\u00adden Rechtsver\u00adlet\u00adzun\u00adgen wer\u00adden wir diese Inhalte umge\u00adhend entfernen.<\/p>\n\n\n\n<p><strong>Haf\u00adtung f\u00fcr&nbsp;Links<\/strong><\/p>\n\n\n\n<p>Unser Ange\u00adbot enth\u00e4lt Links zu exter\u00adnen Web\u00adseiten Drit\u00adter, auf deren Inhalte wir keinen Ein\u00adfluss haben. Deshalb k\u00f6n\u00adnen wir f\u00fcr diese frem\u00adden Inhalte auch keine Gew\u00e4hr \u00fcbernehmen. F\u00fcr die Inhalte der ver\u00adlink\u00adten Seiten ist stets der jew\u00adeilige Anbi\u00adeter oder Betreiber der Seiten ver\u00adant\u00adwortlich. Die ver\u00adlink\u00adten Seiten wur\u00adden zum Zeit\u00adpunkt der Ver\u00adlinkung auf m\u00f6gliche Rechtsver\u00adst\u00f6\u00dfe \u00fcber\u00adpr\u00fcft. Rechtswidrige Inhalte waren zum Zeit\u00adpunkt der Ver\u00adlinkung nicht erkennbar. Eine per\u00adma\u00adnente inhaltliche Kon\u00adtrolle der ver\u00adlink\u00adten Seiten ist jedoch ohne konkrete Anhalt\u00adspunkte einer Rechtsver\u00adlet\u00adzung nicht zumut\u00adbar. Bei Bekan\u00adntwer\u00adden von Rechtsver\u00adlet\u00adzun\u00adgen wer\u00adden wir der\u00adar\u00adtige Links umge\u00adhend entfernen.<\/p>\n\n\n\n<p><strong>Urhe\u00adber\u00adrecht<\/strong><\/p>\n\n\n\n<p>Die durch die Seit\u00aden\u00adbe\u00adtreiber erstell\u00adten Inhalte und Werke auf diesen Seiten unter\u00adliegen dem \u00f6ster\u00adre\u00adichis\u00adchen Urhe\u00adber\u00adrecht. Die Vervielf\u00e4l\u00adti\u00adgung, Bear\u00adbeitung, Ver\u00adbre\u00aditung und jede Art der Ver\u00adw\u00ader\u00adtung au\u00dfer\u00adhalb der Gren\u00adzen des Urhe\u00adber\u00adrechtes bed\u00fcr\u00adfen der schriftlichen Zus\u00adtim\u00admung des jew\u00adeili\u00adgen Autors bzw. Erstellers. Soweit die Inhalte auf dieser Seite nicht vom Betreiber erstellt wur\u00adden, wer\u00adden die Urhe\u00adber\u00adrechte Drit\u00adter beachtet. Ins\u00adbeson\u00addere wer\u00adden Inhalte Drit\u00adter als solche gekennze\u00adich\u00adnet. Soll\u00adten Sie trotz\u00addem auf eine Urhe\u00adber\u00adrechtsver\u00adlet\u00adzung aufmerk\u00adsam wer\u00adden, bit\u00adten wir um einen entsprechen\u00adden Hin\u00adweis. Bei Bekan\u00adntwer\u00adden von Rechtsver\u00adlet\u00adzun\u00adgen wer\u00adden wir der\u00adar\u00adtige Inhalte umge\u00adhend entfernen.<\/p>\n\n\n\n<p><strong>Daten\u00adschutz<\/strong><\/p>\n\n\n\n<p>Die Nutzung unserer Web\u00adseite ist in der Regel ohne Angabe per\u00adso\u00adn\u00aden\u00adbe\u00adzo\u00adgener Daten m\u00f6glich. Soweit auf unseren Seiten per\u00adso\u00adn\u00aden\u00adbe\u00adzo\u00adgene Daten (beispiel\u00adsweise Name, Anschrift oder eMail-Adressen) erhoben wer\u00adden, erfolgt dies, soweit m\u00f6glich, stets auf frei\u00adwilliger Basis. Diese Daten wer\u00adden ohne Ihre aus\u00addr\u00fcck\u00adliche Zus\u00adtim\u00admung nicht an Dritte weitergegeben.<\/p>\n\n\n\n<p>Wir weisen darauf hin, dass die Daten\u00fcber\u00adtra\u00adgung im Inter\u00adnet (z.B. bei der Kom\u00admu\u00adnika\u00adtion per E-Mail) Sicher\u00adheit\u00adsl\u00fccken aufweisen kann. Ein l\u00fcck\u00aden\u00adloser Schutz der Daten vor dem Zugriff durch Dritte ist nicht m\u00f6glich.<\/p>\n\n\n\n<p>Der Nutzung von im Rah\u00admen der Impres\u00adsum\u00adspflicht ver\u00f6f\u00adfentlichten Kon\u00adtak\u00adt\u00addaten durch Dritte zur \u00dcbersendung von nicht aus\u00addr\u00fcck\u00adlich ange\u00adforderter Wer\u00adbung und Infor\u00adma\u00adtion\u00ads\u00adma\u00adte\u00adri\u00adalien wird hier\u00admit aus\u00addr\u00fcck\u00adlich wider\u00adsprochen. Die Betreiber der Seiten behal\u00adten sich aus\u00addr\u00fcck\u00adlich rechtliche Schritte im Falle der unver\u00adlangten Zusendung von Wer\u00adbe\u00adin\u00adfor\u00adma\u00adtio\u00adnen, etwa durch Spam-Mails, vor.<\/p>\n\n\n\n<p><strong>Daten\u00adschutzerk\u00adl\u00e4rung f\u00fcr die Nutzung von Facebook-Plugins (Like-Button)<\/strong><\/p>\n\n\n\n<p>Auf unseren Seiten sind Plu\u00adg\u00adins des sozialen Net\u00adzw\u00aderks Face\u00adbook (Face\u00adbook Inc., 1601 Wil\u00adlow Road, Menlo Park, Cal\u00adi\u00adfor\u00adnia, 94025,&nbsp;USA) inte\u00adgri\u00adert. Die Facebook-Plugins erken\u00adnen Sie an dem Facebook-Logo oder dem \u201cLike-Button\u201d (\u201cGef\u00e4llt mir\u201d) auf unserer Seite. Eine \u00dcber\u00adsicht \u00fcber die Facebook-Plugins finden Sie hier:&nbsp;<a href=\"http:\/\/developers.facebook.com\/docs\/plugins\/\" target=\"_blank\" rel=\"noreferrer noopener\">http:\/\/developers.facebook.com\/docs\/plugins\/<\/a>.<\/p>\n\n\n\n<p>Wenn Sie unsere Seiten besuchen, wird \u00fcber das Plu\u00adgin eine direkte Verbindung zwis\u00adchen Ihrem Browser und dem Facebook-Server hergestellt. Face\u00adbook erh\u00e4lt dadurch die Infor\u00adma\u00adtion, dass Sie mit Ihrer IP-Adresse unsere Seite besucht haben. Wenn Sie den Face\u00adbook \u201cLike-Button\u201d anklicken w\u00e4hrend Sie in Ihrem Facebook-Account ein\u00adgel\u00adoggt sind, k\u00f6n\u00adnen Sie die Inhalte unserer Seiten auf Ihrem Facebook-Profil ver\u00adlinken. Dadurch kann Face\u00adbook den Besuch unserer Seiten Ihrem Benutzerkonto zuord\u00adnen. Wir weisen darauf hin, dass wir als Anbi\u00adeter der Seiten keine Ken\u00adnt\u00adnis vom Inhalt der \u00fcber\u00admit\u00adtel\u00adten Daten sowie deren Nutzung durch Face\u00adbook erhal\u00adten. Weit\u00adere Infor\u00adma\u00adtio\u00adnen hierzu finden Sie in der Daten\u00adschutzerk\u00adl\u00e4rung von face\u00adbook unter<\/p>\n\n\n\n<p>Wenn Sie nicht w\u00fcn\u00adschen, dass Face\u00adbook den Besuch unserer Seiten Ihrem Facebook-Nutzerkonto zuord\u00adnen kann, loggen Sie sich bitte aus Ihrem Facebook-Benutzerkonto aus.<\/p>\n\n\n\n<p><strong>Daten\u00adschutzerk\u00adl\u00e4rung f\u00fcr die Nutzung von Google Analytics<\/strong><\/p>\n\n\n\n<p>Diese Web\u00adsite benutzt Google Ana\u00adlyt\u00adics, einen Web\u00adanalyse\u00addi\u00adenst der Google Inc. (\u201cGoogle\u201d). Google Ana\u00adlyt\u00adics ver\u00adwen\u00addet sog. \u201cCook\u00adies\u201d, Text\u00addateien, die auf Ihrem Com\u00adputer gespe\u00adichert wer\u00adden und die eine Analyse der Benutzung der Web\u00adsite durch Sie erm\u00f6glichen. Die durch den Cookie erzeugten Infor\u00adma\u00adtio\u00adnen \u00fcber Ihre Benutzung dieser Web\u00adsite wer\u00adden in der Regel an einen Server von Google in den&nbsp;USA&nbsp;\u00fcber\u00adtra\u00adgen und dort gespe\u00adichert. Im Falle der Aktivierung der IP-Anonymisierung auf dieser Web\u00adseite wird Ihre IP-Adresse von Google jedoch inner\u00adhalb von Mit\u00adglied\u00adstaaten der Europ\u00e4is\u00adchen Union oder in anderen Ver\u00adtragsstaaten des Abkom\u00admens \u00fcber den Europ\u00e4is\u00adchen Wirtschaft\u00adsraum zuvor gek\u00fcrzt.<\/p>\n\n\n\n<p>Nur in Aus\u00adnah\u00adme\u00adf\u00e4llen wird die volle IP-Adresse an einen Server von Google in den&nbsp;USA&nbsp;\u00fcber\u00adtra\u00adgen und dort gek\u00fcrzt. Im Auf\u00adtrag des Betreibers dieser Web\u00adsite wird Google diese Infor\u00adma\u00adtio\u00adnen benutzen, um Ihre Nutzung der Web\u00adsite auszuw\u00aderten, um Reports \u00fcber die Web\u00adsiteak\u00adtiv\u00adit\u00e4ten zusam\u00admen\u00adzustellen und um weit\u00adere mit der Web\u00adsitenutzung und der Inter\u00adnet\u00adnutzung ver\u00adbun\u00addene Dien\u00adstleis\u00adtun\u00adgen gegen\u00fcber dem Web\u00adsite\u00adbe\u00adtreiber zu erbrin\u00adgen. Die im Rah\u00admen von Google Ana\u00adlyt\u00adics von Ihrem Browser \u00fcber\u00admit\u00adtelte IP-Adresse wird nicht mit anderen Daten von Google zusammengef\u00fchrt.<\/p>\n\n\n\n<p>Sie k\u00f6n\u00adnen die Spe\u00adicherung der Cook\u00adies durch eine entsprechende Ein\u00adstel\u00adlung Ihrer Browser-Software ver\u00adhin\u00addern; wir weisen Sie jedoch darauf hin, dass Sie in diesem Fall gegebe\u00adnen\u00adfalls nicht s\u00e4mtliche Funk\u00adtio\u00adnen dieser Web\u00adsite vol\u00adlum\u00adf\u00e4nglich wer\u00adden nutzen k\u00f6n\u00adnen. Sie k\u00f6n\u00adnen dar\u00fcber hin\u00adaus die Erfas\u00adsung der durch das Cookie erzeugten und auf Ihre Nutzung der Web\u00adsite bezo\u00adge\u00adnen Daten (inkl. Ihrer IP-Adresse) an Google sowie die Ver\u00adar\u00adbeitung dieser Daten durch Google ver\u00adhin\u00addern, indem sie das unter dem fol\u00adgen\u00adden Link ver\u00adf\u00fcg\u00adbare Browser-Plugin herun\u00adter\u00adladen und instal\u00adlieren:&nbsp;<a href=\"http:\/\/tools.google.com\/dlpage\/gaoptout?hl=de\">http:\/\/tools.google.com\/dlpage\/gaoptout?hl=de<\/a>.<\/p>\n\n\n\n<p><strong>Daten\u00adschutzerk\u00adl\u00e4rung f\u00fcr die Nutzung von Google +1<\/strong><\/p>\n\n\n\n<p><em>Erfas\u00adsung und Weit\u00ader\u00adgabe von Informationen:<\/em><\/p>\n\n\n\n<p>Mith\u00adilfe der Google +1-Schaltfl\u00e4che k\u00f6n\u00adnen Sie Infor\u00adma\u00adtio\u00adnen weltweit ver\u00f6f\u00adfentlichen. \u00dcber die Google +1-Schaltfl\u00e4che erhal\u00adten Sie und andere Nutzer per\u00adson\u00adal\u00adisierte Inhalte von Google und unseren Part\u00adnern. Google spe\u00adichert sowohl die Infor\u00adma\u00adtion, dass Sie f\u00fcr einen Inhalt +1 gegeben haben, als auch Infor\u00adma\u00adtio\u00adnen \u00fcber die Seite, die Sie beim Klicken auf +1 ange\u00adse\u00adhen haben. Ihre +1 k\u00f6n\u00adnen als Hin\u00adweise zusam\u00admen mit Ihrem Pro\u00adfil\u00adna\u00admen und Ihrem Foto in Google-Diensten, wie etwa in Suchergeb\u00adnis\u00adsen oder in Ihrem Google-Profil, oder an anderen Stellen auf Web\u00adsites und Anzeigen im Inter\u00adnet einge\u00adblendet werden.<\/p>\n\n\n\n<p>Google zeich\u00adnet Infor\u00adma\u00adtio\u00adnen \u00fcber Ihre +1-Aktivit\u00e4ten auf, um die Google-Dienste f\u00fcr Sie und andere zu verbessern. Um die Google +1-Schaltfl\u00e4che ver\u00adwen\u00adden zu k\u00f6n\u00adnen, ben\u00f6ti\u00adgen Sie ein weltweit sicht\u00adbares, \u00f6ffentliches Google-Profil, das zumin\u00add\u00adest den f\u00fcr das Pro\u00adfil gew\u00e4hlten Namen enthal\u00adten muss. Dieser Name wird in allen Google-Diensten ver\u00adwen\u00addet. In manchen F\u00e4llen kann dieser Name auch einen anderen Namen erset\u00adzen, den Sie beim Teilen von Inhal\u00adten \u00fcber Ihr Google-Konto ver\u00adwen\u00addet haben. Die Iden\u00adtit\u00e4t Ihres Google-Profils kann Nutzern angezeigt wer\u00adden, die Ihre E-Mail-Adresse ken\u00adnen oder \u00fcber andere iden\u00adti\u00adfizierende Infor\u00adma\u00adtio\u00adnen von Ihnen verf\u00fcgen.<\/p>\n\n\n\n<p><em>Ver\u00adwen\u00addung der erfassten Informationen:<\/em><\/p>\n\n\n\n<p>Neben den oben erl\u00e4uterten Ver\u00adwen\u00addungszwecken wer\u00adden die von Ihnen bere\u00adit\u00adgestell\u00adten Infor\u00adma\u00adtio\u00adnen gem\u00e4\u00df den gel\u00adtenden Google-Datenschutzbestimmungen genutzt. Google ver\u00f6f\u00adfentlicht m\u00f6glicher\u00adweise zusam\u00admenge\u00adfasste Sta\u00adtis\u00adtiken \u00fcber die +1-Aktivit\u00e4ten der Nutzer bzw. gibt diese an Nutzer und Part\u00adner weiter, wie etwa Pub\u00adlisher, Inser\u00adenten oder ver\u00adbun\u00addene Websites.<\/p>\n\n\n\n<p><strong>Daten\u00adschutzerk\u00adl\u00e4rung f\u00fcr die Nutzung von Twitter<\/strong><\/p>\n\n\n\n<p>Auf unseren Seiten sind Funk\u00adtio\u00adnen des Dien\u00adstes Twit\u00adter einge\u00adbun\u00adden. Diese Funk\u00adtio\u00adnen wer\u00adden ange\u00adboten durch die Twit\u00adter Inc., Twit\u00adter, Inc. 1355 Mar\u00adket St, Suite 900, San Fran\u00adcisco,&nbsp;CA&nbsp;94103,&nbsp;USA. Durch das Benutzen von Twit\u00adter und der Funk\u00adtion \u201cRe-Tweet\u201d wer\u00adden die von Ihnen besuchten Web\u00adseiten mit Ihrem Twitter-Account verkn\u00fcpft und anderen Nutzern bekannt gegeben. Dabei wer\u00adden auch Daten an Twit\u00adter \u00fcbertragen.<\/p>\n\n\n\n<p>Wir weisen darauf hin, dass wir als Anbi\u00adeter der Seiten keine Ken\u00adnt\u00adnis vom Inhalt der \u00fcber\u00admit\u00adtel\u00adten Daten sowie deren Nutzung durch Twit\u00adter erhal\u00adten. Weit\u00adere Infor\u00adma\u00adtio\u00adnen hierzu finden Sie in der Daten\u00adschutzerk\u00adl\u00e4rung von Twit\u00adter unter&nbsp;<a href=\"http:\/\/twitter.com\/privacy\" target=\"_blank\" rel=\"noreferrer noopener\">http:\/\/twitter.com\/privacy<\/a>.<\/p>\n\n\n\n<p>Ihre Daten\u00adschutze\u00adin\u00adstel\u00adlun\u00adgen bei Twit\u00adter k\u00f6n\u00adnen Sie in den Konto-Einstellungen unter&nbsp;<a href=\"http:\/\/twitter.com\/account\/settings\" target=\"_blank\" rel=\"noreferrer noopener\">http:\/\/twitter.com\/account\/settings<\/a>&nbsp;\u00e4ndern.<\/p>\n\n\n\n<p><strong>Auskunft, L\u00f6schung, Sperrung<\/strong><\/p>\n\n\n\n<p>Sie haben jed\u00aderzeit das Recht auf unent\u00adgeltliche Auskunft \u00fcber Ihre gespe\u00adicherten per\u00adso\u00adn\u00aden\u00adbe\u00adzo\u00adge\u00adnen Daten, deren Herkunft und Empf\u00e4nger und den Zweck der Daten\u00adver\u00adar\u00adbeitung sowie ein Recht auf Berich\u00adti\u00adgung, Sper\u00adrung oder L\u00f6schung dieser Daten. Hierzu sowie zu weit\u00aderen Fra\u00adgen zum Thema per\u00adso\u00adn\u00aden\u00adbe\u00adzo\u00adgene Daten k\u00f6n\u00adnen Sie sich jed\u00aderzeit \u00fcber die im Impres\u00adsum angegeben Adresse des Web\u00adseit\u00aden\u00adbe\u00adtreibers an uns wenden.<\/p>\n\n\n\n<p><em>Quel\u00adlenangabe:&nbsp;<a href=\"http:\/\/www.e-recht24.de\/muster-datenschutzerklaerung.html\" target=\"_blank\" rel=\"noreferrer noopener\">eRecht24<\/a>,&nbsp;<a href=\"http:\/\/www.e-recht24.de\/artikel\/datenschutz\/6590-facebook-like-button-datenschutz-disclaimer.html\" target=\"_blank\" rel=\"noreferrer noopener\">Face\u00adbook Dis\u00adclaimer<\/a>,&nbsp;<a href=\"http:\/\/www.google.com\/intl\/de\/analytics\/learn\/privacy.html\" target=\"_blank\" rel=\"noreferrer noopener\">Daten\u00adschutzerk\u00adl\u00e4rung f\u00fcr Google Ana\u00adlyt\u00adics<\/a>,&nbsp;<a href=\"http:\/\/www.google.com\/intl\/de\/+\/policy\/+1button.html\" target=\"_blank\" rel=\"noreferrer noopener\">Google +1 Daten\u00adschutzerk\u00adl\u00e4rung<\/a>,&nbsp;<a href=\"http:\/\/twitter.com\/privacy\" target=\"_blank\" rel=\"noreferrer noopener\">Twit\u00adter Bedingungen<\/a><\/em><\/p>\n","protected":false},"excerpt":{"rendered":"<p>Informationspflicht laut \u00a75 E-Commerce Gesetz, \u00a714 Unternehmensgesetzbuch, \u00a763 Gewerbeordnung und Offenlegungspflicht laut \u00a725 Mediengesetz Freiwillige Feuerwehr Langegg Obergoggitsch 2, 8323<\/p>\n","protected":false},"author":1,"featured_media":6724,"parent":0,"menu_order":0,"comment_status":"closed","ping_status":"closed","template":"","meta":{"footnotes":""},"class_list":["post-6999","page","type-page","status-publish","has-post-thumbnail","hentry"],"_links":{"self":[{"href":"https:\/\/ff-langegg.com\/content\/index.php?rest_route=\/wp\/v2\/pages\/6999","targetHints":{"allow":["GET"]}}],"collection":[{"href":"https:\/\/ff-langegg.com\/content\/index.php?rest_route=\/wp\/v2\/pages"}],"about":[{"href":"https:\/\/ff-langegg.com\/content\/index.php?rest_route=\/wp\/v2\/types\/page"}],"author":[{"embeddable":true,"href":"https:\/\/ff-langegg.com\/content\/index.php?rest_route=\/wp\/v2\/users\/1"}],"replies":[{"embeddable":true,"href":"https:\/\/ff-langegg.com\/content\/index.php?rest_route=%2Fwp%2Fv2%2Fcomments&post=6999"}],"version-history":[{"count":2,"href":"https:\/\/ff-langegg.com\/content\/index.php?rest_route=\/wp\/v2\/pages\/6999\/revisions"}],"predecessor-version":[{"id":7200,"href":"https:\/\/ff-langegg.com\/content\/index.php?rest_route=\/wp\/v2\/pages\/6999\/revisions\/7200"}],"wp:featuredmedia":[{"embeddable":true,"href":"https:\/\/ff-langegg.com\/content\/index.php?rest_route=\/wp\/v2\/media\/6724"}],"wp:attachment":[{"href":"https:\/\/ff-langegg.com\/content\/index.php?rest_route=%2Fwp%2Fv2%2Fmedia&parent=6999"}],"curies":[{"name":"wp","href":"https:\/\/api.w.org\/{rel}","templated":true}]}}